{"id":3,"date":"2023-02-13T13:32:16","date_gmt":"2023-02-13T12:32:16","guid":{"rendered":"https:\/\/tagobhp.pl\/e-learning\/?page_id=3"},"modified":"2023-04-17T13:21:32","modified_gmt":"2023-04-17T11:21:32","slug":"klauzula-informacyjna-rodo","status":"publish","type":"page","link":"https:\/\/tagobhp.pl\/e-learning\/klauzula-informacyjna-rodo\/","title":{"rendered":"Klauzula informacyjna RODO"},"content":{"rendered":"<p><strong>\u00a71<\/strong><\/p>\n<p><strong>Postanowienia og\u00f3lne<\/strong><\/p>\n<ol>\n<li>Niniejszy dokument stanowi klauzul\u0119 informacyjn\u0105 w my\u015bl art. 13 ust. 1 i 2 rozporz\u0105dzenia Parlamentu Europejskiego i Rady (UE) 2016\/679 z dn. 27.04.2016 r. w sprawie ochrony os\u00f3b fizycznych w zwi\u0105zku z przetwarzaniem danych osobowych i w sprawie swobodnego przep\u0142ywu takich danych oraz uchylenia dyrektywy 95\/46\/WE (dalej RODO) dla os\u00f3b (Klient\u00f3w) korzystaj\u0105cych z us\u0142ug administratora danych.<\/li>\n<li>Administratorem danych osobowych w rozumieniu art. 4 pkt 4 RODO jest Tomasz Go\u0142\u0105b, reprezentuj\u0105cy firm\u0119 TAGO BHP i PPO\u017b z siedzib\u0105 przy ul. Szlacheckiej 56, 98-200 Sieradz, adres e-mail: biuro@tagobhp.pl, strona internetowa: www.tagobhp.pl.<\/li>\n<li>Administrator w my\u015bl art. 32 ust. 1 RODO zobowi\u0105zuj\u0119 si\u0119 do przestrzegania zasady ochrony danych osobowych oraz stosowania odpowiednich \u015brodk\u00f3w technicznych i organizacyjnych w celu ochrony przed ich przypadkowym lub niezgodnym z prawem zniszczeniem, utrat\u0105, modyfikacj\u0105, nieuprawnionym ujawnieniem lub nieuprawnionym dost\u0119pem do danych osobowych, przetwarzanych w zwi\u0105zku z prowadzon\u0105 dzia\u0142alno\u015bci\u0105.<\/li>\n<li>Podanie przez Klienta swoich danych osobowych jest dobrowolne. Mo\u017ce r\u00f3wnie\u017c wynika\u0107 z obowi\u0105zuj\u0105cych przepis\u00f3w prawa polskiego np. podatkowego, prawa pracy, Kodeksu Pracy i innych uregulowa\u0144 prawnych, je\u015bli maj\u0105 zastosowanie i s\u0105 warunkiem koniecznym do zawarcia i realizacji umowy, kt\u00f3rej przedmiotem jest \u015bwiadczenie us\u0142ug przez administratora.<\/li>\n<li>W okre\u015blonych przepisami prawa przypadkach Klient jest zobowi\u0105zany do podania danych osobowych, a konsekwencj\u0105 niepodania danych jest brak mo\u017cliwo\u015bci skorzystania z us\u0142ug administratora.<\/li>\n<li>Administrator nie ustanowi\u0142 Inspektora Ochrony Danych. W sprawach dotycz\u0105cych ochrony danych osobowych i w celu realizacji Pa\u0144stwa praw zach\u0119camy do kontaktu: adres e-mail: biuro@tagobhp.pl lub te\u017c pisemnie na adres siedziby wskazany w punkcie 2.<\/li>\n<\/ol>\n<p><strong>\u00a72<\/strong><\/p>\n<p><strong>Cel i podstawy przetwarzania danych osobowych<\/strong><\/p>\n<ol>\n<li>Administrator przetwarza dane osobowe w nast\u0119puj\u0105cych celach:\n<ol>\n<li>Przeprowadzanie szkole\u0144 w zakresie BHP, PPO\u017b oraz pierwszej pomocy w spos\u00f3b stacjonarny jak i on-line;<\/li>\n<li>zawieranie i realizacja um\u00f3w, kt\u00f3rych przedmiotem jest \u015bwiadczenie us\u0142ug z zakresu BHP i PPO\u017b innych ni\u017c wskazane w ust. 1 lit. a,<\/li>\n<li>wydawanie za\u015bwiadcze\u0144 z przeprowadzonych szkole\u0144 i kurs\u00f3w oraz prowadzenie rejestru wydanych za\u015bwiadcze\u0144,<\/li>\n<li>udzielanie odpowiedzi na pytania kierowane do administratora danych za pomoc\u0105 formularza kontaktowego dost\u0119pnego na stronie www lub poprzez poczt\u0119 e-mail.<\/li>\n<\/ol>\n<\/li>\n<li>Podstaw\u0105 przetwarzania danych osobowych jest:\n<ol>\n<li>podejmowanie dzia\u0142a\u0144 w celu zawarcia oraz realizacji umowy (art. 6 ust. 1 lit. b) RODO dla cel\u00f3w, o kt\u00f3rych mowa w ust. 1 lit. a i b;<\/li>\n<li>realizacja umowy, prawnie uzasadniony interes administratora danych, a tak\u017ce obowi\u0105zek wynikaj\u0105cy z odr\u0119bnych przepis\u00f3w prawa, w tym z Kodeksu pracy (art. 6 ust. 1 lit. b), c) i f) RODO) dla celu, o kt\u00f3rym mowa w ust. 1 lit. c;<\/li>\n<li>prawnie uzasadniony interes administratora danych (art. 6 ust. 1 lit. f) RODO) dla celu, o kt\u00f3rym mowa w ust. 1 lit. d.<\/li>\n<\/ol>\n<\/li>\n<\/ol>\n<p><strong>\u00a73<\/strong><\/p>\n<p><strong>Odbiorcy danych. Przekazywanie danych do pa\u0144stw trzecich<\/strong><\/p>\n<ol>\n<li>Odbiorcami danych osobowych przetwarzanych przez administratora mog\u0105 by\u0107 nast\u0119puj\u0105ce kategorie podmiot\u00f3w:\n<ol>\n<li>urz\u0119dy i organy kontroli w zakresie okre\u015blonym przepisami prawa;<\/li>\n<li>banki w zakresie niezb\u0119dnym do prowadzenia rachunku bankowego;<\/li>\n<li>podwykonawcy dla zada\u0144 wykonywanych przez administratora danych, w tym biura rachunkowe, dostawcy us\u0142ug hostingowych dla platform e-learningowych i poczty e-mail, dostawcy us\u0142ug informatycznych w zakresie modernizacji platformy e-learningowej administratora danych oraz podmioty partnerskie \u015bwiadcz\u0105ce w imieniu i na rzecz administratora danych us\u0142ugi z zakresu BHP,PPO\u017b. i pierwszej pomocy.<\/li>\n<\/ol>\n<\/li>\n<li>Dane osobowe nie b\u0119d\u0105 przekazywane do podmiot\u00f3w maj\u0105cych siedzib\u0119 poza Europejskim Obszarem Gospodarczym.<\/li>\n<\/ol>\n<p><strong>\u00a74<\/strong><\/p>\n<p><strong>Okres przechowywania danych osobowych<\/strong><\/p>\n<ol>\n<li>Administrator danych przechowuje dane osobowe przez okres czasu zwi\u0105zany z terminem obowi\u0105zywania umowy, z kt\u00f3rej realizacj\u0105 zwi\u0105zane jest przetwarzanie danych, a w razie zako\u0144czenia realizacji umowy nie d\u0142u\u017cej ni\u017c:\n<ol>\n<li>przez okres obowi\u0105zywania umowy zawartej z klientem oraz po zako\u0144czeniu jej obowi\u0105zywania w celach zwi\u0105zanych z dochodzeniem roszcze\u0144 zwi\u0105zanych z umow\u0105, wykonania obowi\u0105zk\u00f3w wynikaj\u0105cych z obowi\u0105zuj\u0105cych przepis\u00f3w prawa, ale przez czas nie d\u0142u\u017cszy ni\u017c 10 lat;<\/li>\n<li>przez okres 3 lat od dnia ostatniego szkolenia lub kursu z zakresu ppo\u017c. lub pierwszej pomocy oraz 6 lat dla szkole\u0144 okresowych BHP, w kt\u00f3rym bra\u0142a udzia\u0142 osoba, kt\u00f3rej dane dotycz\u0105, chyba, \u017ce d\u0142u\u017cszy okres czasu wymagany jest przez przepisy prawa;<\/li>\n<li>przez okres 5 lat dla danych osobowych znajduj\u0105cych si\u0119 na dokumentach rozliczeniowych (faktury) zgodnie z ustaw\u0105 o rachunkowo\u015bci;<\/li>\n<li>do czasu cofni\u0119cia zgody na przetwarzanie danych osobowych.<\/li>\n<\/ol>\n<\/li>\n<\/ol>\n<p><strong>\u00a75<\/strong><\/p>\n<p><strong>Uprawnienia osoby, kt\u00f3rej dane dotycz\u0105<\/strong><\/p>\n<ol>\n<li>Ka\u017cda osoba, kt\u00f3rej dane osobowe s\u0105 przetwarzane przez administratora ma prawo dost\u0119pu do tre\u015bci swoich danych, prawo do ich sprostowania, usuni\u0119cia po wskazanym okresie obowi\u0105zkowego przetwarzania dokument\u00f3w (\u201eprawo do bycia zapomnianym\u201d), ograniczenia przetwarzania, prawo do przenoszenia danych, prawo sprzeciwu oraz prawo do cofni\u0119cia zgody na przetwarzanie danych w dowolnym momencie.<\/li>\n<li>Ka\u017cda osoba, kt\u00f3ra uzna, \u017ce jej dane osobowe s\u0105 przetwarzane przez administratora niezgodnie z przepisami RODO, ma prawo wniesienia skargi do Prezesa Urz\u0119du Ochrony Danych Osobowych.<\/li>\n<\/ol>\n<p>Administrator: Tomasz Go\u0142\u0105b, TAGO BHP i PPO\u017b<\/p>\n","protected":false},"excerpt":{"rendered":"<p>\u00a71 Postanowienia og\u00f3lne Niniejszy dokument stanowi klauzul\u0119 informacyjn\u0105 w my\u015bl art. 13 ust. 1 i 2 rozporz\u0105dzenia Parlamentu Europejskiego i Rady (UE) 2016\/679 z dn. 27.04.2016 r. w sprawie ochrony os\u00f3b fizycznych w zwi\u0105zku z przetwarzaniem danych osobowych i w sprawie swobodnego przep\u0142ywu takich danych oraz uchylenia dyrektywy 95\/46\/WE (dalej RODO) dla os\u00f3b (Klient\u00f3w) korzystaj\u0105cych [&hellip;]<\/p>\n","protected":false},"author":1,"featured_media":0,"parent":0,"menu_order":0,"comment_status":"closed","ping_status":"closed","template":"","meta":{"_et_pb_use_builder":"","_et_pb_old_content":"","_et_gb_content_width":"","footnotes":""},"class_list":["post-3","page","type-page","status-publish","hentry"],"_links":{"self":[{"href":"https:\/\/tagobhp.pl\/e-learning\/wp-json\/wp\/v2\/pages\/3","targetHints":{"allow":["GET"]}}],"collection":[{"href":"https:\/\/tagobhp.pl\/e-learning\/wp-json\/wp\/v2\/pages"}],"about":[{"href":"https:\/\/tagobhp.pl\/e-learning\/wp-json\/wp\/v2\/types\/page"}],"author":[{"embeddable":true,"href":"https:\/\/tagobhp.pl\/e-learning\/wp-json\/wp\/v2\/users\/1"}],"replies":[{"embeddable":true,"href":"https:\/\/tagobhp.pl\/e-learning\/wp-json\/wp\/v2\/comments?post=3"}],"version-history":[{"count":3,"href":"https:\/\/tagobhp.pl\/e-learning\/wp-json\/wp\/v2\/pages\/3\/revisions"}],"predecessor-version":[{"id":335,"href":"https:\/\/tagobhp.pl\/e-learning\/wp-json\/wp\/v2\/pages\/3\/revisions\/335"}],"wp:attachment":[{"href":"https:\/\/tagobhp.pl\/e-learning\/wp-json\/wp\/v2\/media?parent=3"}],"curies":[{"name":"wp","href":"https:\/\/api.w.org\/{rel}","templated":true}]}}